{"id":31236,"date":"2026-04-07T11:49:26","date_gmt":"2026-04-07T09:49:26","guid":{"rendered":"https:\/\/www.oceanpulse.info\/join-our-mailing-list\/"},"modified":"2026-04-07T15:17:27","modified_gmt":"2026-04-07T13:17:27","slug":"subscribe-newsletter","status":"publish","type":"page","link":"https:\/\/www.oceanpulse.info\/en\/subscribe-newsletter\/","title":{"rendered":"Join Our Mailing List"},"content":{"rendered":"\t\t<div data-elementor-type=\"wp-page\" data-elementor-id=\"31236\" class=\"elementor elementor-31236 elementor-31212\" data-elementor-post-type=\"page\">\n\t\t\t\t\t\t<section class=\"elementor-section-with-custom-width elementor-section elementor-top-section elementor-element elementor-element-9787775 elementor-section-height-min-height elementor-section-boxed elementor-section-height-default elementor-section-items-middle sc_fly_static\" data-id=\"9787775\" data-element_type=\"section\" data-settings=\"{&quot;background_background&quot;:&quot;classic&quot;}\">\n\t\t\t\t\t\t\t<div class=\"elementor-background-overlay\"><\/div>\n\t\t\t\t\t\t\t<div class=\"elementor-container elementor-column-gap-extended\">\n\t\t\t\t\t<div class=\"elementor-column elementor-col-100 elementor-top-column elementor-element elementor-element-82b20fc sc_content_align_inherit sc_layouts_column_icons_position_left sc_fly_static\" data-id=\"82b20fc\" data-element_type=\"column\">\n\t\t\t<div class=\"elementor-widget-wrap elementor-element-populated\">\n\t\t\t\t\t\t<div class=\"elementor-element elementor-element-7555352 sc_fly_static elementor-widget elementor-widget-heading\" data-id=\"7555352\" data-element_type=\"widget\" data-widget_type=\"heading.default\">\n\t\t\t\t<div class=\"elementor-widget-container\">\n\t\t\t\t\t<h1 class=\"elementor-heading-title elementor-size-default\">All oceans are connected. Shouldn't we be too? <\/h1>\t\t\t\t<\/div>\n\t\t\t\t<\/div>\n\t\t\t\t<div class=\"elementor-element elementor-element-d0a01b0 elementor-align-center sc_fly_static elementor-widget elementor-widget-button\" data-id=\"d0a01b0\" data-element_type=\"widget\" data-widget_type=\"button.default\">\n\t\t\t\t<div class=\"elementor-widget-container\">\n\t\t\t\t\t\t\t\t\t<div class=\"elementor-button-wrapper\">\n\t\t\t\t\t<a class=\"elementor-button elementor-button-link elementor-size-sm\" href=\"#12\">\n\t\t\t\t\t\t<span class=\"elementor-button-content-wrapper\">\n\t\t\t\t\t\t\t\t\t<span class=\"elementor-button-text\">Join Our Mailing List<\/span>\n\t\t\t\t\t<\/span>\n\t\t\t\t\t<\/a>\n\t\t\t\t<\/div>\n\t\t\t\t\t\t\t\t<\/div>\n\t\t\t\t<\/div>\n\t\t\t\t\t<\/div>\n\t\t<\/div>\n\t\t\t\t\t<\/div>\n\t\t<\/section>\n\t\t\t\t<section class=\"elementor-section-with-custom-width elementor-section elementor-top-section elementor-element elementor-element-9fb54c8 elementor-section-boxed elementor-section-height-default elementor-section-height-default sc_fly_static\" data-id=\"9fb54c8\" data-element_type=\"section\" id=\"12\" data-settings=\"{&quot;background_background&quot;:&quot;classic&quot;}\">\n\t\t\t\t\t\t<div class=\"elementor-container elementor-column-gap-extended\">\n\t\t\t\t\t<div class=\"elementor-column elementor-col-100 elementor-top-column elementor-element elementor-element-093787e sc_content_align_inherit sc_layouts_column_icons_position_left sc_fly_static\" data-id=\"093787e\" data-element_type=\"column\" data-settings=\"{&quot;background_background&quot;:&quot;classic&quot;}\">\n\t\t\t<div class=\"elementor-widget-wrap elementor-element-populated\">\n\t\t\t\t\t\t<div class=\"elementor-element elementor-element-152c2c9 sc_fly_static elementor-widget elementor-widget-text-editor\" data-id=\"152c2c9\" data-element_type=\"widget\" data-widget_type=\"text-editor.default\">\n\t\t\t\t<div class=\"elementor-widget-container\">\n\t\t\t\t\t\t\t\t\t<p>Together, we make a bigger impact. Sign up to receive the latest updates on local clean-ups, new initiatives, and our global reach. <\/p>\t\t\t\t\t\t\t\t<\/div>\n\t\t\t\t<\/div>\n\t\t\t\t<div class=\"elementor-element elementor-element-be88dbb sc_fly_static elementor-widget elementor-widget-shortcode\" data-id=\"be88dbb\" data-element_type=\"widget\" data-widget_type=\"shortcode.default\">\n\t\t\t\t<div class=\"elementor-widget-container\">\n\t\t\t\t\t\t\t<div class=\"elementor-shortcode\">\n\t\t\t<form id=\"sib_signup_form_2\" method=\"post\" class=\"sib_signup_form\">\n\t\t\t\t<div class=\"sib_loader\" style=\"display:none;\"><img\n\t\t\t\t\t\t\tsrc=\"https:\/\/www.oceanpulse.info\/wp-includes\/images\/spinner.gif\" alt=\"loader\"><\/div>\n\t\t\t\t<input type=\"hidden\" name=\"sib_form_action\" value=\"subscribe_form_submit\">\n\t\t\t\t<input type=\"hidden\" name=\"sib_form_id\" value=\"2\">\n                <input type=\"hidden\" name=\"sib_form_alert_notice\" value=\"Please fill out this field\">\n                <input type=\"hidden\" name=\"sib_form_invalid_email_notice\" value=\"Your email address is invalid\">\n                <input type=\"hidden\" name=\"sib_security\" value=\"db879b1185\">\n\t\t\t\t<div class=\"sib_signup_box_inside_2\">\n\t\t\t\t\t<div style=\"\/*display:none*\/\" class=\"sib_msg_disp\">\n\t\t\t\t\t<\/div>\n                    \t\t\t\t\t<style>\r\n\/* OceanPulse Premium Newsletter Form *\/\r\n.op-newsletter-form {\r\n    width: 100%;\r\n    max-width: 100%;\r\n    font-family: inherit;\r\n}\r\n\r\n\/* Setzt alle Abst\u00e4nde der Abs\u00e4tze sauber zur\u00fcck *\/\r\n.op-newsletter-form p {\r\n    margin: 0 0 15px 0 !important;\r\n    padding: 0 !important;\r\n}\r\n\r\n\/* Die wei\u00dfen Beschriftungen \u00fcber den Feldern *\/\r\n.op-newsletter-form label {\r\n    display: block !important;\r\n    color: #ffffff !important;\r\n    font-weight: 600 !important;\r\n    font-size: 14px !important;\r\n    margin-bottom: 8px !important;\r\n    letter-spacing: 0.5px !important;\r\n}\r\n\r\n\/* Massive wei\u00dfe Eingabefelder (Rainforest-Style) *\/\r\n.op-newsletter-form input[type=\"text\"],\r\n.op-newsletter-form input[type=\"email\"] {\r\n    width: 100% !important;\r\n    padding: 16px 20px !important;\r\n    background-color: #ffffff !important;\r\n    color: #000000 !important;\r\n    border: none !important;\r\n    border-radius: 4px !important;\r\n    font-size: 16px !important;\r\n    box-sizing: border-box !important;\r\n    outline: none !important;\r\n    box-shadow: none !important;\r\n}\r\n\r\n\/* Platzhalter-Text in den Feldern *\/\r\n.op-newsletter-form input::placeholder {\r\n    color: #666666 !important;\r\n    font-weight: normal !important;\r\n}\r\n\r\n\/* Datenschutz-Text (Sauberer Abstand, kein \u00dcberlappen) *\/\r\n.op-newsletter-form .datenschutz-text {\r\n    color: #ffffff !important;\r\n    font-size: 12px !important;\r\n    line-height: 1.5 !important;\r\n    margin-top: 10px !important; \/* Dr\u00fcckt den Text im Footer sauber nach unten *\/\r\n    margin-bottom: 20px !important;\r\n    display: block !important;\r\n}\r\n\r\n\/* T\u00fcrkiser Link im Datenschutz-Text *\/\r\n.op-newsletter-form .datenschutz-text a {\r\n    color: #0d88a3 !important; \/* OceanPulse T\u00fcrkis *\/\r\n    text-decoration: underline !important;\r\n    font-weight: bold !important;\r\n}\r\n\r\n\/* Der gro\u00dfe Anmelde-Button *\/\r\n.op-newsletter-form input[type=\"submit\"] {\r\n    width: 100% !important;\r\n    background-color: #0d88a3 !important; \/* OceanPulse T\u00fcrkis *\/\r\n    color: #ffffff !important;\r\n    padding: 16px 30px !important;\r\n    border: none !important;\r\n    border-radius: 4px !important;\r\n    font-weight: bold !important;\r\n    font-size: 16px !important;\r\n    text-transform: uppercase !important;\r\n    letter-spacing: 1px !important;\r\n    cursor: pointer !important;\r\n    transition: background-color 0.3s ease !important;\r\n    box-sizing: border-box !important;\r\n}\r\n\r\n\/* Hover-Effekt: OceanPulse Blau *\/\r\n.op-newsletter-form input[type=\"submit\"]:hover {\r\n    background-color: #012c56 !important; \/* OceanPulse Blau *\/\r\n}\r\n<\/style>\r\n\r\n<div class=\"op-newsletter-form\">\r\n    <p class=\"sib-VORNAME-area\"> \r\n        <label class=\"sib-VORNAME-area\">First Name<\/label> \r\n        <input type=\"text\" class=\"sib-VORNAME-area\" name=\"VORNAME\" placeholder=\"Your First Name\"> \r\n    <\/p>\r\n    <p class=\"sib-email-area\">\r\n        <label class=\"sib-email-area\">Email Address*<\/label>\r\n        <input type=\"email\" class=\"sib-email-area\" name=\"email\" required=\"required\" placeholder=\"Your Email Address\">\r\n    <\/p>\r\n    <p class=\"datenschutz-text\">\r\n        Your data will be processed in accordance with our <a href=\"\/en\/privacy-policy\" target=\"_blank\">privacy policy<\/a>.\r\n    <\/p>\r\n    <p style=\"margin-bottom: 0 !important\">\r\n        <input type=\"submit\" class=\"sib-default-btn\" value=\"Subscribe\">\r\n    <\/p>\r\n<\/div>\t\t\t\t<\/div>\n\t\t\t<\/form>\n\t\t\t<style>\n\t\t\t\tform#sib_signup_form_2 p.sib-alert-message {\n    padding: 6px 12px;\n    margin-bottom: 20px;\n    border: 1px solid transparent;\n    border-radius: 4px;\n    -webkit-box-sizing: border-box;\n    -moz-box-sizing: border-box;\n    box-sizing: border-box;\n}\nform#sib_signup_form_2 p.sib-alert-message-error {\n    background-color: #f2dede;\n    border-color: #ebccd1;\n    color: #a94442;\n}\nform#sib_signup_form_2 p.sib-alert-message-success {\n    background-color: #dff0d8;\n    border-color: #d6e9c6;\n    color: #3c763d;\n}\nform#sib_signup_form_2 p.sib-alert-message-warning {\n    background-color: #fcf8e3;\n    border-color: #faebcc;\n    color: #8a6d3b;\n}\n\t\t\t<\/style>\n\t\t\t<\/div>\n\t\t\t\t\t\t<\/div>\n\t\t\t\t<\/div>\n\t\t\t\t\t<\/div>\n\t\t<\/div>\n\t\t\t\t\t<\/div>\n\t\t<\/section>\n\t\t\t\t<section class=\"elementor-section-with-custom-width elementor-section elementor-top-section elementor-element elementor-element-ceb556f elementor-section-boxed elementor-section-height-default elementor-section-height-default sc_fly_static\" data-id=\"ceb556f\" data-element_type=\"section\">\n\t\t\t\t\t\t<div class=\"elementor-container elementor-column-gap-extended\">\n\t\t\t\t\t<div class=\"elementor-column elementor-col-100 elementor-top-column elementor-element elementor-element-3d8d365 sc_content_align_inherit sc_layouts_column_icons_position_left sc_fly_static\" data-id=\"3d8d365\" data-element_type=\"column\">\n\t\t\t<div class=\"elementor-widget-wrap elementor-element-populated\">\n\t\t\t\t\t\t<div class=\"elementor-element elementor-element-08ba3ed sc_fly_static elementor-widget elementor-widget-text-editor\" data-id=\"08ba3ed\" data-element_type=\"widget\" data-widget_type=\"text-editor.default\">\n\t\t\t\t<div class=\"elementor-widget-container\">\n\t\t\t\t\t\t\t\t\t<p>Every year, millions of tons of plastic enter our oceans, devastating habitats and coastal communities. OceanPulse is building a global network to reverse this trend. <\/p><p>By joining our community, you\u2019ll be the first to hear about upcoming actions, our on-the-ground progress, and how your support is helping to drive real, structural change.<\/p>\t\t\t\t\t\t\t\t<\/div>\n\t\t\t\t<\/div>\n\t\t\t\t\t<\/div>\n\t\t<\/div>\n\t\t\t\t\t<\/div>\n\t\t<\/section>\n\t\t\t\t<\/div>\n\t\t","protected":false},"excerpt":{"rendered":"<p>All oceans are connected. Shouldn&#8217;t we be too? Join Our Mailing List Together, we make a bigger impact. Sign up to receive the latest updates on local clean-ups, new initiatives,&hellip;<\/p>\n","protected":false},"author":3,"featured_media":0,"parent":0,"menu_order":0,"comment_status":"closed","ping_status":"closed","template":"","meta":{"give_campaign_id":0,"footnotes":""},"class_list":["post-31236","page","type-page","status-publish","hentry"],"campaignId":"0","_links":{"self":[{"href":"https:\/\/www.oceanpulse.info\/en\/wp-json\/wp\/v2\/pages\/31236","targetHints":{"allow":["GET"]}}],"collection":[{"href":"https:\/\/www.oceanpulse.info\/en\/wp-json\/wp\/v2\/pages"}],"about":[{"href":"https:\/\/www.oceanpulse.info\/en\/wp-json\/wp\/v2\/types\/page"}],"author":[{"embeddable":true,"href":"https:\/\/www.oceanpulse.info\/en\/wp-json\/wp\/v2\/users\/3"}],"replies":[{"embeddable":true,"href":"https:\/\/www.oceanpulse.info\/en\/wp-json\/wp\/v2\/comments?post=31236"}],"version-history":[{"count":5,"href":"https:\/\/www.oceanpulse.info\/en\/wp-json\/wp\/v2\/pages\/31236\/revisions"}],"predecessor-version":[{"id":31243,"href":"https:\/\/www.oceanpulse.info\/en\/wp-json\/wp\/v2\/pages\/31236\/revisions\/31243"}],"wp:attachment":[{"href":"https:\/\/www.oceanpulse.info\/en\/wp-json\/wp\/v2\/media?parent=31236"}],"curies":[{"name":"wp","href":"https:\/\/api.w.org\/{rel}","templated":true}]}}